{"id":14949,"date":"2023-12-18T16:29:43","date_gmt":"2023-12-18T16:29:43","guid":{"rendered":"https:\/\/biniprofessional.mk\/?post_type=product&#038;p=14949"},"modified":"2026-03-05T13:20:55","modified_gmt":"2026-03-05T13:20:55","slug":"maslo-za-depilacija","status":"publish","type":"product","link":"https:\/\/biniprofessional.mk\/al\/biniprofessional\/wax-products\/maslo-za-depilacija\/","title":{"rendered":"Bini Wax Oil Peach 1L"},"content":{"rendered":"","protected":false},"excerpt":{"rendered":"<p data-start=\"146\" data-end=\"493\">Vaj qet\u00ebsues dhe i leht\u00eb, i formuluar p\u00ebr p\u00ebrdorim para dhe pas depilimit. Siguron nj\u00eb barrier\u00eb mbrojt\u00ebse p\u00ebr l\u00ebkur\u00ebn, duke parandaluar d\u00ebmtimet gjat\u00eb trajtimit dhe ndihmon n\u00eb heqjen m\u00eb t\u00eb leht\u00eb t\u00eb dyllit. Pas depilimit, redukton skuqjen, ushqen dhe hidraton l\u00ebkur\u00ebn pa bllokuar poret. I p\u00ebrshtatsh\u00ebm p\u00ebr t\u00eb gjitha llojet e l\u00ebkur\u00ebs.<\/p>","protected":false},"featured_media":14951,"template":"","meta":{"_acf_changed":false},"product_brand":[],"product_cat":[99,106],"product_tag":[],"class_list":{"0":"post-14949","1":"product","2":"type-product","3":"status-publish","4":"has-post-thumbnail","6":"product_cat-biniprofessional","7":"product_cat-wax-products","8":"nt-post-class","9":"","15":"first","16":"instock","17":"shipping-taxable","18":"purchasable","19":"product-type-variable"},"acf":[],"_links":{"self":[{"href":"https:\/\/biniprofessional.mk\/al\/wp-json\/wp\/v2\/product\/14949","targetHints":{"allow":["GET"]}}],"collection":[{"href":"https:\/\/biniprofessional.mk\/al\/wp-json\/wp\/v2\/product"}],"about":[{"href":"https:\/\/biniprofessional.mk\/al\/wp-json\/wp\/v2\/types\/product"}],"version-history":[{"count":0,"href":"https:\/\/biniprofessional.mk\/al\/wp-json\/wp\/v2\/product\/14949\/revisions"}],"wp:featuredmedia":[{"embeddable":true,"href":"https:\/\/biniprofessional.mk\/al\/wp-json\/wp\/v2\/media\/14951"}],"wp:attachment":[{"href":"https:\/\/biniprofessional.mk\/al\/wp-json\/wp\/v2\/media?parent=14949"}],"wp:term":[{"taxonomy":"product_brand","embeddable":true,"href":"https:\/\/biniprofessional.mk\/al\/wp-json\/wp\/v2\/product_brand?post=14949"},{"taxonomy":"product_cat","embeddable":true,"href":"https:\/\/biniprofessional.mk\/al\/wp-json\/wp\/v2\/product_cat?post=14949"},{"taxonomy":"product_tag","embeddable":true,"href":"https:\/\/biniprofessional.mk\/al\/wp-json\/wp\/v2\/product_tag?post=14949"}],"curies":[{"name":"wp","href":"https:\/\/api.w.org\/{rel}","templated":true}]}}