{"id":14886,"date":"2023-12-18T14:38:51","date_gmt":"2023-12-18T14:38:51","guid":{"rendered":"https:\/\/biniprofessional.mk\/?post_type=product&#038;p=14886"},"modified":"2025-06-18T13:42:49","modified_gmt":"2025-06-18T13:42:49","slug":"sterilizator-za-krpi-2","status":"publish","type":"product","link":"https:\/\/biniprofessional.mk\/al\/biniprofessional\/electric\/sterilizator-za-krpi-2\/","title":{"rendered":"Ngroh\u00ebs dhe sterilizues p\u00ebr peshqira | Bini Professional"},"content":{"rendered":"","protected":false},"excerpt":{"rendered":"<p class=\" translation-block\"><strong data-start=\"113\" data-end=\"124\">RTD\u201123A<\/strong> \u00ebsht\u00eb nj\u00eb zgjidhje 2-n\u00eb-1 p\u00ebr ngrohje dhe siguri UV p\u00ebr sallonet dhe qendrat spa. Ky pajisje ngroh dhe sterilizon peshqirin n\u00eb nj\u00eb dhom\u00eb t\u00eb madhe alumini (~23\u202fL), duke siguruar nj\u00eb trajtim t\u00eb ngroht\u00eb, higjienik dhe t\u00eb nj\u00ebtrajtsh\u00ebm, si dhe luft\u00eb efektive kund\u00ebr baktereve.<\/p>","protected":false},"featured_media":14890,"template":"","meta":{"_acf_changed":false},"product_brand":[],"product_cat":[99,110,111,533],"product_tag":[],"class_list":{"0":"post-14886","1":"product","2":"type-product","3":"status-publish","4":"has-post-thumbnail","6":"product_cat-biniprofessional","7":"product_cat-electric","8":"product_cat-salon-products","9":"product_cat-spa","10":"nt-post-class","11":"","17":"first","18":"outofstock","19":"shipping-taxable","20":"purchasable","21":"product-type-simple"},"acf":[],"_links":{"self":[{"href":"https:\/\/biniprofessional.mk\/al\/wp-json\/wp\/v2\/product\/14886","targetHints":{"allow":["GET"]}}],"collection":[{"href":"https:\/\/biniprofessional.mk\/al\/wp-json\/wp\/v2\/product"}],"about":[{"href":"https:\/\/biniprofessional.mk\/al\/wp-json\/wp\/v2\/types\/product"}],"version-history":[{"count":0,"href":"https:\/\/biniprofessional.mk\/al\/wp-json\/wp\/v2\/product\/14886\/revisions"}],"wp:featuredmedia":[{"embeddable":true,"href":"https:\/\/biniprofessional.mk\/al\/wp-json\/wp\/v2\/media\/14890"}],"wp:attachment":[{"href":"https:\/\/biniprofessional.mk\/al\/wp-json\/wp\/v2\/media?parent=14886"}],"wp:term":[{"taxonomy":"product_brand","embeddable":true,"href":"https:\/\/biniprofessional.mk\/al\/wp-json\/wp\/v2\/product_brand?post=14886"},{"taxonomy":"product_cat","embeddable":true,"href":"https:\/\/biniprofessional.mk\/al\/wp-json\/wp\/v2\/product_cat?post=14886"},{"taxonomy":"product_tag","embeddable":true,"href":"https:\/\/biniprofessional.mk\/al\/wp-json\/wp\/v2\/product_tag?post=14886"}],"curies":[{"name":"wp","href":"https:\/\/api.w.org\/{rel}","templated":true}]}}